{"id":2,"date":"2015-03-19T17:58:30","date_gmt":"2015-03-19T17:58:30","guid":{"rendered":"http:\/\/fitness3.mythemecloud.io\/\/?page_id=2"},"modified":"2024-12-22T09:22:29","modified_gmt":"2024-12-22T09:22:29","slug":"home","status":"publish","type":"page","link":"https:\/\/klub-srecnih.si\/","title":{"rendered":"Home"},"content":{"rendered":"\t\t<div data-elementor-type=\"wp-post\" data-elementor-id=\"2\" class=\"elementor elementor-2\">\n\t\t\t\t<div class=\"elementor-element elementor-element-3caaec5 e-con-full animated-slow e-flex elementor-invisible e-con e-parent\" data-id=\"3caaec5\" data-element_type=\"container\" data-e-type=\"container\" data-settings=\"{&quot;background_background&quot;:&quot;classic&quot;,&quot;animation&quot;:&quot;fadeInLeft&quot;}\">\n\t\t\t\t<div class=\"elementor-element elementor-element-9143da4 elementor-widget elementor-widget-heading\" data-id=\"9143da4\" data-element_type=\"widget\" data-e-type=\"widget\" data-widget_type=\"heading.default\">\n\t\t\t\t<div class=\"elementor-widget-container\">\n\t\t\t\t\t<h2 class=\"elementor-heading-title elementor-size-default\">In kdo si ti?<\/h2>\t\t\t\t<\/div>\n\t\t\t\t<\/div>\n\t\t\t\t<\/div>\n\t\t<div class=\"elementor-element elementor-element-e1fe1bd e-con-full animated-slow e-flex elementor-invisible e-con e-parent\" data-id=\"e1fe1bd\" data-element_type=\"container\" data-e-type=\"container\" data-settings=\"{&quot;background_background&quot;:&quot;classic&quot;,&quot;animation&quot;:&quot;fadeInRight&quot;}\">\n\t\t\t\t<div class=\"elementor-element elementor-element-6681e4a elementor-widget elementor-widget-text-editor\" data-id=\"6681e4a\" data-element_type=\"widget\" data-e-type=\"widget\" data-widget_type=\"text-editor.default\">\n\t\t\t\t<div class=\"elementor-widget-container\">\n\t\t\t\t\t\t\t\t\t<p>Svoboda in sre\u010da je v tebi, neskon\u010dnost, brezmejnost si ti.<\/p><p>Tvoja cena je 100 x ve\u010dja kot ti verjame\u0161, da je. Tukaj se lahko nau\u010di\u0161 izkoristiti preko 90 % svojih neizkori\u0161\u010denih potencialov (sre\u010de in ljubezni), skritih globoko v tebi.<\/p><p>Stara Hindujska legenda pravi, da so bili neko\u010d bogovi ljudje. A zlorabljali so svoje bo\u017eanske mo\u010di do te mere, da se je Brahma, bog vseh bogov odlo\u010dil, da jim le te vzame in jih skrije nekam, kjer jih ne bi mogli najti. Potrebno je bilo najti \u0161e primerno skrivali\u0161\u010de sre\u010de.<br \/>V svet je bila izbrana manj\u0161a skupina bogov, ki se je lotila problema. Predlagali so: \u00bbZakaj ne bi pokopal \u010dlove\u0161kih mo\u010di v zemlji?\u00ab In Bramha jim je odgovoril: \u00bb Ne, ljudje bi kopali zanje zelo globoko in jih na\u0161li.\u00ab<br \/>Bogovi so rekli: \u00bbTorej bomo poslali njihovo bo\u017eje mo\u010di v najve\u010dje globine oceana.\u00ab<\/p><p>Brahma jim je zopet odgovoril: \u00bbSlej ali prej bodo ljudje raziskali globine oceanov in zanesljivo jih bodo na\u0161li in jih privlekli na povr\u0161je.\u00ab Tako so mali bogovi pri\u0161li do zaklju\u010dka: \u00bbNiti zemlja niti morje ni prostor, pred katerim bi bile bo\u017eje mo\u010di varne, zato ne vemo kam jih skriti.\u00ab<br \/>V tistem trenutku Brahma sre\u010den vzklikne: \u00bbTakole bomo storili s \u010dlove\u0161kimi bo\u017eanstvi. Skrili jih bomo globoko znotraj njih, saj je to edini prostor, kamor se ne bodo odlo\u010dili pogledati.\u00ab<\/p><p>Od takrat naprej, sode\u010d po legendi, so ljudje \u017ee preiskali svet; raziskovali, plezali, se potapljali, in kopali ter iskali nekaj &#8211; sre\u010do, kar ves \u010das nosijo v sebi. (Eric Butterworth, Discover the Power Within Yourself)<\/p>\t\t\t\t\t\t\t\t<\/div>\n\t\t\t\t<\/div>\n\t\t\t\t<\/div>\n\t\t<div class=\"elementor-element elementor-element-df9f615 e-con-full animated-slow e-flex elementor-invisible e-con e-parent\" data-id=\"df9f615\" data-element_type=\"container\" data-e-type=\"container\" data-settings=\"{&quot;background_background&quot;:&quot;classic&quot;,&quot;animation&quot;:&quot;fadeInLeft&quot;}\">\n\t\t\t\t<div class=\"elementor-element elementor-element-3b88a7e elementor-widget elementor-widget-heading\" data-id=\"3b88a7e\" data-element_type=\"widget\" data-e-type=\"widget\" data-widget_type=\"heading.default\">\n\t\t\t\t<div class=\"elementor-widget-container\">\n\t\t\t\t\t<h2 class=\"elementor-heading-title elementor-size-default\">Pomislite za trenutek...<\/h2>\t\t\t\t<\/div>\n\t\t\t\t<\/div>\n\t\t\t\t<\/div>\n\t\t<div class=\"elementor-element elementor-element-b88f7d7 e-con-full animated-slow e-flex elementor-invisible e-con e-parent\" data-id=\"b88f7d7\" data-element_type=\"container\" data-e-type=\"container\" data-settings=\"{&quot;background_background&quot;:&quot;classic&quot;,&quot;animation&quot;:&quot;fadeInRight&quot;}\">\n\t\t\t\t<div class=\"elementor-element elementor-element-f3cc62d elementor-widget elementor-widget-text-editor\" data-id=\"f3cc62d\" data-element_type=\"widget\" data-e-type=\"widget\" data-widget_type=\"text-editor.default\">\n\t\t\t\t<div class=\"elementor-widget-container\">\n\t\t\t\t\t\t\t\t\t<p>Ali obstajajo jutra, ko vam primanjkuje motivacije? So dnevi, ko se vpra\u0161ate: \u00bb Kam sploh grem? Ali je vredno? Kako naj se izmuznem iz te situacije? Kako sem lahko bolj vesel-a? So dnevi, ko preprosto niste sre\u010dni?\u00ab<\/p><p>To se je vpra\u0161alo \u017ee veliko ljudi. Nekateri so na\u0161li re\u0161itev. Psihologi, terapevti, modri ljudje, pisatelji, filozofi in ljudje kot ste vi in jaz, vam bomo pomagali na va\u0161i poti k sre\u010di: Napredovati v va\u0161em duhovnem razvoju. Odstraniti prepreke zavesti, za odpiranje novih vrat za uspeh in sre\u010do. Narediti vas sre\u010dnej\u0161e, bolj navdu\u0161ene in imeti v oblasti sebe in svoje \u017eivljenje. Pomagali bomo va\u0161im otrokom in tistim, ki jih ljubite, najti bogastvo v sebi. Videti, da se veriga dogodkov razgrinja po nekak\u0161nem dnevnem redu. Najti re\u0161itve tam, kjer jih drugi ne vidijo. Izbolj\u0161ati razmerje, ki ga imate sami s seboj in z drugimi. Dobiti potrebno svobodo in sre\u010do.<\/p>\t\t\t\t\t\t\t\t<\/div>\n\t\t\t\t<\/div>\n\t\t\t\t<\/div>\n\t\t<div class=\"elementor-element elementor-element-f64b4be e-con-full animated-slow e-flex elementor-invisible e-con e-parent\" data-id=\"f64b4be\" data-element_type=\"container\" data-e-type=\"container\" data-settings=\"{&quot;background_background&quot;:&quot;classic&quot;,&quot;animation&quot;:&quot;fadeInLeft&quot;}\">\n\t\t\t\t<div class=\"elementor-element elementor-element-215d4cb elementor-widget elementor-widget-heading\" data-id=\"215d4cb\" data-element_type=\"widget\" data-e-type=\"widget\" data-widget_type=\"heading.default\">\n\t\t\t\t<div class=\"elementor-widget-container\">\n\t\t\t\t\t<h2 class=\"elementor-heading-title elementor-size-default\">Kako?...<\/h2>\t\t\t\t<\/div>\n\t\t\t\t<\/div>\n\t\t\t\t<\/div>\n\t\t<div class=\"elementor-element elementor-element-3e120e6 e-con-full animated-slow e-flex elementor-invisible e-con e-parent\" data-id=\"3e120e6\" data-element_type=\"container\" data-e-type=\"container\" data-settings=\"{&quot;background_background&quot;:&quot;classic&quot;,&quot;animation&quot;:&quot;fadeInRight&quot;}\">\n\t\t\t\t<div class=\"elementor-element elementor-element-38ebd29 elementor-widget elementor-widget-text-editor\" data-id=\"38ebd29\" data-element_type=\"widget\" data-e-type=\"widget\" data-widget_type=\"text-editor.default\">\n\t\t\t\t<div class=\"elementor-widget-container\">\n\t\t\t\t\t\t\t\t\t<p>Lahko postanete aktivni \u010dlan Kluba sre\u010dnih in pomagate \u0161iriti sre\u010do po na\u0161i de\u017eeli, tako boste ob pla\u010dilu simboli\u010dne letne \u010dlanarine sodelovali pri raznih, \u0161e bolj zanimivih in sre\u010dnih re\u010deh.<\/p>\t\t\t\t\t\t\t\t<\/div>\n\t\t\t\t<\/div>\n\t\t\t\t<\/div>\n\t\t<div class=\"elementor-element elementor-element-bb595db e-con-full animated-slow e-flex elementor-invisible e-con e-parent\" data-id=\"bb595db\" data-element_type=\"container\" data-e-type=\"container\" data-settings=\"{&quot;background_background&quot;:&quot;classic&quot;,&quot;animation&quot;:&quot;fadeInLeft&quot;}\">\n\t\t\t\t<div class=\"elementor-element elementor-element-46346f7 elementor-widget elementor-widget-heading\" data-id=\"46346f7\" data-element_type=\"widget\" data-e-type=\"widget\" data-widget_type=\"heading.default\">\n\t\t\t\t<div class=\"elementor-widget-container\">\n\t\t\t\t\t<h2 class=\"elementor-heading-title elementor-size-default\">\u010ce vas zanima Klub Sre\u010dnih in sre\u010danja:<\/h2>\t\t\t\t<\/div>\n\t\t\t\t<\/div>\n\t\t\t\t<\/div>\n\t\t<div class=\"elementor-element elementor-element-d4cf303 e-con-full animated-slow e-flex elementor-invisible e-con e-parent\" data-id=\"d4cf303\" data-element_type=\"container\" data-e-type=\"container\" data-settings=\"{&quot;background_background&quot;:&quot;classic&quot;,&quot;animation&quot;:&quot;fadeInRight&quot;}\">\n\t\t\t\t<div class=\"elementor-element elementor-element-f595086 elementor-widget elementor-widget-text-editor\" data-id=\"f595086\" data-element_type=\"widget\" data-e-type=\"widget\" data-widget_type=\"text-editor.default\">\n\t\t\t\t<div class=\"elementor-widget-container\">\n\t\t\t\t\t\t\t\t\t<p><a href=\"https:\/\/www.facebook.com\/groups\/22001516486\/\">FACEBOOK STRAN<\/a><\/p><p>Facebook stran: Klub sre\u010dnih<\/p><p>Za zaklju\u010dek pa \u0161e ena zgodbica sre\u010de za vas: Nekega dne je pape\u017e Julij II gledal Michelangela, enega izmed najve\u010djih umetnikov vseh \u010dasov, stegujo\u010d se \u010dez blok marmorja. Julij ga je vpra\u0161al: \u00bbZakaj udarjate tako mo\u010dno?\u00ab Michelangelo je odgovoril: Ali ne vidite, da je angel ujet v ta blok skale? Posku\u0161am ga osvoboditi.\u00ab<\/p><p>Klub sre\u010dnih vam bo pomagal sprostiti va\u0161e neomejene mo\u017enosti in poiskati va\u0161o sre\u010do.<\/p><p>Najlep\u0161e \u017eelje ob va\u0161i sre\u010di in uspehu,<br \/>\u010dlani Kluba sre\u010dnih<\/p><p>\u0160e vedno niste prepri\u010dani? \u0160e vedno ne veste kako biti sre\u010den?<br \/>\u00bbTo so misli \u010dloveka, ki si sam kroji usodo.\u00ab Mark Avrelij<\/p><p>\u010ce bi se radi dru\u017eili s sre\u010dnimi ali videli kaj po\u010dnemo, je najbolje, da obi\u0161\u010dete facebook profil predsednika: Bog Franci Petri\u010d na Facebooku&#8230;<a href=\"https:\/\/www.facebook.com\/FranciPetric\">Franci Petri\u010d<\/a><br \/>\u010ce vas zanima kje potujemo, kaj spoznavamo sre\u010dni ljudje in tudi kaj po\u010dnemo, potem si poglejte\u00a0<a href=\"https:\/\/www.facebook.com\/groups\/820428957996157\/\">Potujem rad &#8211; I like to travel!<\/a>\u00a0Lahko pa postanete \u010dlan kluba sre\u010dnih, tako boste pri pla\u010dilu simboli\u010dne letne \u010dlanarine sodelovali pri \u0161e bolj prijetnih trenutkih sre\u010de. Veliko sre\u010de in ljubezni \u0161e naprej!<\/p>\t\t\t\t\t\t\t\t<\/div>\n\t\t\t\t<\/div>\n\t\t\t\t<\/div>\n\t\t<div class=\"elementor-element elementor-element-7fdefe1 e-con-full animated-slow e-flex elementor-invisible e-con e-parent\" data-id=\"7fdefe1\" data-element_type=\"container\" data-e-type=\"container\" data-settings=\"{&quot;background_background&quot;:&quot;classic&quot;,&quot;animation&quot;:&quot;fadeInUp&quot;}\">\n\t\t<div class=\"elementor-element elementor-element-c8d00d0 e-con-full e-flex e-con e-child\" data-id=\"c8d00d0\" data-element_type=\"container\" data-e-type=\"container\">\n\t\t\t\t<div class=\"elementor-element elementor-element-e2c01c8 elementor-widget elementor-widget-text-editor\" data-id=\"e2c01c8\" data-element_type=\"widget\" data-e-type=\"widget\" data-widget_type=\"text-editor.default\">\n\t\t\t\t<div class=\"elementor-widget-container\">\n\t\t\t\t\t\t\t\t\t<p>Klub sre\u010dnih<br \/>Ragovska ulica 21a<br \/>8000 Novo mesto<br \/>Slovenija<\/p>\t\t\t\t\t\t\t\t<\/div>\n\t\t\t\t<\/div>\n\t\t\t\t<\/div>\n\t\t<div class=\"elementor-element elementor-element-37855d5 e-con-full e-flex e-con e-child\" data-id=\"37855d5\" data-element_type=\"container\" data-e-type=\"container\">\n\t\t\t\t<\/div>\n\t\t<div class=\"elementor-element elementor-element-eb85c47 e-con-full e-flex e-con e-child\" data-id=\"eb85c47\" data-element_type=\"container\" data-e-type=\"container\">\n\t\t\t\t<\/div>\n\t\t<div class=\"elementor-element elementor-element-7e98379 e-con-full e-flex e-con e-child\" data-id=\"7e98379\" data-element_type=\"container\" data-e-type=\"container\">\n\t\t\t\t<div class=\"elementor-element elementor-element-efa437b elementor-widget elementor-widget-text-editor\" data-id=\"efa437b\" data-element_type=\"widget\" data-e-type=\"widget\" data-widget_type=\"text-editor.default\">\n\t\t\t\t<div class=\"elementor-widget-container\">\n\t\t\t\t\t\t\t\t\t<p style=\"text-align: right;\">Dav\u010dna \u0161t. 11305363<br \/>E-po\u0161ta: info@klub-srecnih.si<\/p>\t\t\t\t\t\t\t\t<\/div>\n\t\t\t\t<\/div>\n\t\t\t\t<\/div>\n\t\t\t\t<\/div>\n\t\t\t\t<\/div>\n\t\t","protected":false},"excerpt":{"rendered":"<p>In kdo si ti? Svoboda in sre\u010da je v tebi, neskon\u010dnost, brezmejnost si ti. Tvoja cena je 100 x ve\u010dja kot ti verjame\u0161, da je. Tukaj se lahko nau\u010di\u0161 izkoristiti preko 90 % svojih neizkori\u0161\u010denih potencialov (sre\u010de in ljubezni), skritih globoko v tebi. Stara Hindujska legenda pravi, da so bili neko\u010d bogovi ljudje. A zlorabljali [&hellip;]<\/p>\n","protected":false},"author":1,"featured_media":0,"parent":0,"menu_order":0,"comment_status":"closed","ping_status":"open","template":"","meta":{"ocean_post_layout":"full-screen","ocean_both_sidebars_style":"","ocean_both_sidebars_content_width":0,"ocean_both_sidebars_sidebars_width":0,"ocean_sidebar":"","ocean_second_sidebar":"","ocean_disable_margins":"on","ocean_add_body_class":"","ocean_shortcode_before_top_bar":"","ocean_shortcode_after_top_bar":"","ocean_shortcode_before_header":"","ocean_shortcode_after_header":"","ocean_has_shortcode":"","ocean_shortcode_after_title":"","ocean_shortcode_before_footer_widgets":"","ocean_shortcode_after_footer_widgets":"","ocean_shortcode_before_footer_bottom":"","ocean_shortcode_after_footer_bottom":"","ocean_display_top_bar":"default","ocean_display_header":"default","ocean_header_style":"","ocean_center_header_left_menu":"","ocean_custom_header_template":"","ocean_custom_logo":0,"ocean_custom_retina_logo":0,"ocean_custom_logo_max_width":0,"ocean_custom_logo_tablet_max_width":0,"ocean_custom_logo_mobile_max_width":0,"ocean_custom_logo_max_height":0,"ocean_custom_logo_tablet_max_height":0,"ocean_custom_logo_mobile_max_height":0,"ocean_header_custom_menu":"","ocean_menu_typo_font_family":"","ocean_menu_typo_font_subset":"","ocean_menu_typo_font_size":0,"ocean_menu_typo_font_size_tablet":0,"ocean_menu_typo_font_size_mobile":0,"ocean_menu_typo_font_size_unit":"px","ocean_menu_typo_font_weight":"","ocean_menu_typo_font_weight_tablet":"","ocean_menu_typo_font_weight_mobile":"","ocean_menu_typo_transform":"","ocean_menu_typo_transform_tablet":"","ocean_menu_typo_transform_mobile":"","ocean_menu_typo_line_height":0,"ocean_menu_typo_line_height_tablet":0,"ocean_menu_typo_line_height_mobile":0,"ocean_menu_typo_line_height_unit":"","ocean_menu_typo_spacing":0,"ocean_menu_typo_spacing_tablet":0,"ocean_menu_typo_spacing_mobile":0,"ocean_menu_typo_spacing_unit":"","ocean_menu_link_color":"","ocean_menu_link_color_hover":"","ocean_menu_link_color_active":"","ocean_menu_link_background":"","ocean_menu_link_hover_background":"","ocean_menu_link_active_background":"","ocean_menu_social_links_bg":"","ocean_menu_social_hover_links_bg":"","ocean_menu_social_links_color":"","ocean_menu_social_hover_links_color":"","ocean_disable_title":"on","ocean_disable_heading":"default","ocean_post_title":"","ocean_post_subheading":"","ocean_post_title_style":"","ocean_post_title_background_color":"","ocean_post_title_background":0,"ocean_post_title_bg_image_position":"","ocean_post_title_bg_image_attachment":"","ocean_post_title_bg_image_repeat":"","ocean_post_title_bg_image_size":"","ocean_post_title_height":0,"ocean_post_title_bg_overlay":0.5,"ocean_post_title_bg_overlay_color":"","ocean_disable_breadcrumbs":"default","ocean_breadcrumbs_color":"","ocean_breadcrumbs_separator_color":"","ocean_breadcrumbs_links_color":"","ocean_breadcrumbs_links_hover_color":"","ocean_display_footer_widgets":"default","ocean_display_footer_bottom":"default","ocean_custom_footer_template":"","footnotes":""},"class_list":["post-2","page","type-page","status-publish","hentry","entry"],"_links":{"self":[{"href":"https:\/\/klub-srecnih.si\/index.php?rest_route=\/wp\/v2\/pages\/2","targetHints":{"allow":["GET"]}}],"collection":[{"href":"https:\/\/klub-srecnih.si\/index.php?rest_route=\/wp\/v2\/pages"}],"about":[{"href":"https:\/\/klub-srecnih.si\/index.php?rest_route=\/wp\/v2\/types\/page"}],"author":[{"embeddable":true,"href":"https:\/\/klub-srecnih.si\/index.php?rest_route=\/wp\/v2\/users\/1"}],"replies":[{"embeddable":true,"href":"https:\/\/klub-srecnih.si\/index.php?rest_route=%2Fwp%2Fv2%2Fcomments&post=2"}],"version-history":[{"count":21,"href":"https:\/\/klub-srecnih.si\/index.php?rest_route=\/wp\/v2\/pages\/2\/revisions"}],"predecessor-version":[{"id":426,"href":"https:\/\/klub-srecnih.si\/index.php?rest_route=\/wp\/v2\/pages\/2\/revisions\/426"}],"wp:attachment":[{"href":"https:\/\/klub-srecnih.si\/index.php?rest_route=%2Fwp%2Fv2%2Fmedia&parent=2"}],"curies":[{"name":"wp","href":"https:\/\/api.w.org\/{rel}","templated":true}]}}